{"id":198,"date":"2019-11-13T14:58:07","date_gmt":"2019-11-13T13:58:07","guid":{"rendered":"http:\/\/www.prebuild.aquarium-priem.de\/?page_id=198"},"modified":"2022-10-28T14:28:52","modified_gmt":"2022-10-28T12:28:52","slug":"produkte","status":"publish","type":"page","link":"https:\/\/aquarium-priem.de\/index.php\/produkte\/","title":{"rendered":"Produkte"},"content":{"rendered":"<!--themify_builder_content-->\n<div id=\"themify_builder_content-198\" data-postid=\"198\" class=\"themify_builder_content themify_builder_content-198 themify_builder tf_clear\">\n    \t\t\t<!-- module_row -->\n\t<div  data-css_id=\"l9gz111\" data-lazy=\"1\" class=\"module_row themify_builder_row fullwidth_row_container tb_l9gz111 tb_first tf_w tf_clearfix wow\" data-tf-animation=\"fadeIn\">\n\t    \t\t\t<div class=\"row_inner col_align_top tb_col_count_1 tf_box tf_rel\">\n\t\t            <div  data-lazy=\"1\" class=\"module_column tb-column col-full tb_mbav112 first\">\n                                                        <div class=\"tb-column-inner tf_box tf_w\">\n                        <!-- module text -->\n<div  class=\"module module-text tb_ykfl112  repeat  wow\" data-tf-animation=\"fadeInUp\" data-lazy=\"1\">\n        <div  class=\"tb_text_wrap\">\n    <h1>PRODUKTE<\/h1>    <\/div>\n<\/div>\n<!-- \/module text --><!-- module text -->\n<div  class=\"module module-text tb_hqew113  repeat \" data-lazy=\"1\">\n        <div  class=\"tb_text_wrap\">\n    <h3 style=\"text-align: center;\">Aquarien und Aquarium Zubeh\u00f6r<\/h3>    <\/div>\n<\/div>\n<!-- \/module text -->                    <\/div>\n                            <\/div>\n            \t    <\/div>\n\t    <!-- \/row_inner -->\n\t<\/div>\n\t<!-- \/module_row -->\n\t\t\t\t<!-- module_row -->\n\t<div  data-lazy=\"1\" class=\"module_row themify_builder_row tb_9zgk111 tf_w tf_clearfix\">\n\t    \t\t\t<div class=\"row_inner col_align_top tb_col_count_1 tf_box tf_rel\">\n\t\t            <div  data-lazy=\"1\" class=\"module_column tb-column col-full tb_98t1113 first\">\n                                                        <div class=\"tb-column-inner tf_box tf_w\">\n                        <!-- module text -->\n<div  class=\"module module-text tb_qpkc113  repeat \" data-lazy=\"1\">\n        <div  class=\"tb_text_wrap\">\n    <p style=\"text-align: center;\">Sie sind neu in der Aquaristik und\/oder suchen erprobte L\u00f6sungen im Bereich Aquarium. Bei uns werden Sie f\u00fcndig! Neben kompletten Aquarien f\u00fchren wir auch ein gro\u00dfes und vielf\u00e4ltiges Sortiment an Aquarium Zubeh\u00f6r, wie auch alles was zur Einrichtung und dauerhaften Betrieb geh\u00f6rt.<\/p>\n<p style=\"text-align: center;\">Rufen Sie uns gerne an und fragen Sie.<\/p>\n<p style=\"text-align: center;\">Oder noch einfacher,\u00a0 schauen direkt bei uns im Laden vorbei.<\/p>\n<p style=\"text-align: center;\">Welche Fische am besten zu Ihren Vorstellungen passen, werden wir sehr gerne in einem lockeren Gespr\u00e4ch herausfinden.<\/p>\n<p style=\"text-align: center;\">Sollte der optimale Besatz nicht vorhanden sein, k\u00f6nnen wir Diesen sicherlich je nach Verf\u00fcgbarkeit umgehend beschaffen.<\/p>\n<p style=\"text-align: center;\">Scheuen Sie sich nicht zu fragen!<\/p>\n<p style=\"text-align: center;\">Beratung ist bei nicht nur eine Floskel, sondern die Grundlage f\u00fcr \u00fcber 40 j\u00e4hrige\u00a0erfolgreiche T\u00e4tigkeit rund um Ihr und unser Hobby.<\/p>\n<p style=\"text-align: center;\">\u00a0<\/p>    <\/div>\n<\/div>\n<!-- \/module text -->                    <\/div>\n                            <\/div>\n            \t    <\/div>\n\t    <!-- \/row_inner -->\n\t<\/div>\n\t<!-- \/module_row -->\n\t\t\t\t<!-- module_row -->\n\t<div  data-lazy=\"1\" class=\"module_row themify_builder_row tb_iwip111 tf_w tf_clearfix\">\n\t    \t\t\t<div class=\"row_inner col_align_top tb_col_count_3 tf_box tf_rel\">\n\t\t            <div  data-lazy=\"1\" class=\"module_column tb-column col3-1 tb_n4o4114 first\">\n                                                        <div class=\"tb-column-inner tf_box tf_w\">\n                        <!-- module image -->\n<div  class=\"module module-image tb_9cbw114   image-top tf_mw\" data-lazy=\"1\">\n        <div class=\"image-wrap tf_rel tf_mw\">\n\t\t    <a href=\"http:\/\/www.aquarium-priem.de\/index.php\/proximia\/\"\n\t       \t       >\n\t\t   \t\t<img src=\"http:\/\/www.aquarium-priem.de\/wp-content\/uploads\/2019\/11\/0492314_proxima250_LED_eiche_0318-985x1024.jpg\" width=\"985\" height=\"1024\" title=\"Produkte\" alt=\"Produkte\">\t    <\/a>\n\t\n\t\t<\/div>\n\t<!-- \/image-wrap -->\n    \n    \t<\/div>\n<!-- \/module image --><!-- module text -->\n<div  class=\"module module-text tb_ncpu114  repeat \" data-lazy=\"1\">\n        <div  class=\"tb_text_wrap\">\n    <p><a href=\"http:\/\/www.aquarium-priem.de\/index.php\/proximia\/\">weiter zu Proximia<\/a><\/p>    <\/div>\n<\/div>\n<!-- \/module text -->                    <\/div>\n                            <\/div>\n                        <div  data-lazy=\"1\" class=\"module_column tb-column col3-1 tb_yl58114\">\n                                                        <div class=\"tb-column-inner tf_box tf_w\">\n                        <!-- module image -->\n<div  class=\"module module-image tb_3t4n115   image-top tf_mw\" data-lazy=\"1\">\n        <div class=\"image-wrap tf_rel tf_mw\">\n\t\t    <a href=\"http:\/\/www.aquarium-priem.de\/index.php\/incpiria\/\"\n\t       \t       >\n\t\t   \t\t<img src=\"http:\/\/www.aquarium-priem.de\/wp-content\/uploads\/2019\/11\/0694113_Incpiria430_Lichtleisteblau_0418-999x1024.jpg\" width=\"999\" height=\"1024\" title=\"Produkte\" alt=\"Produkte\">\t    <\/a>\n\t\n\t\t<\/div>\n\t<!-- \/image-wrap -->\n    \n    \t<\/div>\n<!-- \/module image --><!-- module text -->\n<div  class=\"module module-text tb_swv3115  repeat \" data-lazy=\"1\">\n        <div  class=\"tb_text_wrap\">\n    <p><a href=\"http:\/\/www.aquarium-priem.de\/index.php\/incpiria\/\">Weiter zu Incripia<\/a><\/p>    <\/div>\n<\/div>\n<!-- \/module text -->                    <\/div>\n                            <\/div>\n                        <div  data-lazy=\"1\" class=\"module_column tb-column col3-1 tb_ia7y115 last\">\n                                                        <div class=\"tb-column-inner tf_box tf_w\">\n                        <!-- module image -->\n<div  class=\"module module-image tb_udh6115   image-top tf_mw\" data-lazy=\"1\">\n        <div class=\"image-wrap tf_rel tf_mw\">\n\t\t    <a href=\"http:\/\/www.aquarium-priem.de\/index.php\/vivaline\/\"\n\t       \t       >\n\t\t   \t\t<img src=\"http:\/\/www.aquarium-priem.de\/wp-content\/uploads\/2019\/11\/vivalineLED180_anthrazit_0816-925x1024.jpg\" width=\"925\" height=\"1024\" title=\"Produkte\" alt=\"Produkte\">\t    <\/a>\n\t\n\t\t<\/div>\n\t<!-- \/image-wrap -->\n    \n    \t<\/div>\n<!-- \/module image --><!-- module text -->\n<div  class=\"module module-text tb_am9f115  repeat \" data-lazy=\"1\">\n        <div  class=\"tb_text_wrap\">\n    <p><a href=\"http:\/\/www.aquarium-priem.de\/index.php\/vivaline\/\">Weiter zu Vivaline Zubeh\u00f6r<\/a><\/p>    <\/div>\n<\/div>\n<!-- \/module text -->                    <\/div>\n                            <\/div>\n            \t    <\/div>\n\t    <!-- \/row_inner -->\n\t<\/div>\n\t<!-- \/module_row -->\n\t\t\t\t<!-- module_row -->\n\t<div  data-lazy=\"1\" class=\"module_row themify_builder_row tb_cake111 tf_w tf_clearfix\">\n\t    \t\t\t<div class=\"row_inner col_align_top tb_col_count_1 tf_box tf_rel\">\n\t\t            <div  data-lazy=\"1\" class=\"module_column tb-column col-full tb_o5ot116 first\">\n                                                        <div class=\"tb-column-inner tf_box tf_w\">\n                        <!-- module text -->\n<div  class=\"module module-text tb_usbi116  repeat \" data-lazy=\"1\">\n        <div  class=\"tb_text_wrap\">\n    <p style=\"text-align: center;\">Sie finden nicht Ihr optimal passendes Aquarium?<\/p>\n<p style=\"text-align: center;\">Wir fertigen gerne f\u00fcr Sie ein individuelles nach Ihren W\u00fcnschen gefertigtes Aquarium an.<\/p>\n<p style=\"text-align: center;\">Kontaktieren Sie uns unter der Rufnummer : 05423\/41849<\/p>\n<p style=\"text-align: center;\">Einfacher f\u00fcr Sie und uns ist nat\u00fcrlich ein Besuch direkt vor Ort, um die n\u00e4chsten Schritte zu planen.<\/p>    <\/div>\n<\/div>\n<!-- \/module text -->                    <\/div>\n                            <\/div>\n            \t    <\/div>\n\t    <!-- \/row_inner -->\n\t<\/div>\n\t<!-- \/module_row -->\n\t\t\t\t<!-- module_row -->\n\t<div  data-lazy=\"1\" class=\"module_row themify_builder_row tb_9emw111 tf_w tf_clearfix\">\n\t    \t\t\t<div class=\"row_inner gutter-none col_align_top tb_col_count_4 tf_box tf_rel\">\n\t\t            <div  data-lazy=\"1\" class=\"module_column tb-column col4-1 tb_wh1l116 first\">\n                                                <\/div>\n                        <div  data-lazy=\"1\" class=\"module_column tb-column col4-1 tb_zlhc116\">\n                                                        <div class=\"tb-column-inner tf_box tf_w\">\n                        <!-- module image -->\n<div  class=\"module module-image tb_8htq116   image-top tf_mw\" data-lazy=\"1\">\n        <div class=\"image-wrap tf_rel tf_mw\">\n\t\t    <a href=\"http:\/\/www.prebuild.aquarium-priem.de\/index.php\/aquarien-zubehoer\"\n\t       \t       >\n\t\t   \t\t<img src=\"http:\/\/www.aquarium-priem.de\/wp-content\/uploads\/2019\/11\/Neoregelia-spec.jpg\" width=\"640\" height=\"480\" title=\"Produkte\" alt=\"Produkte\">\t    <\/a>\n\t\n\t\t<\/div>\n\t<!-- \/image-wrap -->\n    \n    \t<\/div>\n<!-- \/module image --><!-- module image -->\n<div  class=\"module module-image tb_i8b2116   image-top tf_mw\" data-lazy=\"1\">\n        <div class=\"image-wrap tf_rel tf_mw\">\n\t\t    <a href=\"http:\/\/www.prebuild.aquarium-priem.de\/index.php\/aquarien-zubehoer\"\n\t       \t       >\n\t\t   \t\t<img src=\"http:\/\/www.aquarium-priem.de\/wp-content\/uploads\/2019\/11\/vivalineLED_180_Zubeh\u00f6r_0918.jpg\" width=\"2000\" height=\"1370\" title=\"Produkte\" alt=\"Produkte\">\t    <\/a>\n\t\n\t\t<\/div>\n\t<!-- \/image-wrap -->\n    \n    \t<\/div>\n<!-- \/module image -->                    <\/div>\n                            <\/div>\n                        <div  data-lazy=\"1\" class=\"module_column tb-column col4-1 tb_524i116\">\n                                                        <div class=\"tb-column-inner tf_box tf_w\">\n                        <!-- module image -->\n<div  class=\"module module-image tb_ya99116   image-top tf_mw\" data-lazy=\"1\">\n        <div class=\"image-wrap tf_rel tf_mw\">\n\t\t    <a href=\"http:\/\/www.prebuild.aquarium-priem.de\/index.php\/aquarien-zubehoer\"\n\t       \t       >\n\t\t   \t\t<img src=\"http:\/\/www.aquarium-priem.de\/wp-content\/uploads\/2019\/11\/vivalineLED_240_Zubeh\u00f6r_0918.jpg\" width=\"2000\" height=\"1370\" title=\"Produkte\" alt=\"Produkte\">\t    <\/a>\n\t\n\t\t<\/div>\n\t<!-- \/image-wrap -->\n    \n    \t<\/div>\n<!-- \/module image --><!-- module image -->\n<div  class=\"module module-image tb_yy2w116   image-top tf_mw\" data-lazy=\"1\">\n        <div class=\"image-wrap tf_rel tf_mw\">\n\t\t    <a href=\"http:\/\/www.prebuild.aquarium-priem.de\/index.php\/aquarien-zubehoer\"\n\t       \t       >\n\t\t   \t\t<img src=\"http:\/\/www.aquarium-priem.de\/wp-content\/uploads\/2019\/11\/Vesicularia-ferriei-spec.jpg\" width=\"640\" height=\"480\" title=\"Produkte\" alt=\"Produkte\">\t    <\/a>\n\t\n\t\t<\/div>\n\t<!-- \/image-wrap -->\n    \n    \t<\/div>\n<!-- \/module image -->                    <\/div>\n                            <\/div>\n                        <div  data-lazy=\"1\" class=\"module_column tb-column col4-1 tb_cdf3117 last\">\n                                                <\/div>\n            \t    <\/div>\n\t    <!-- \/row_inner -->\n\t<\/div>\n\t<!-- \/module_row -->\n\t\t\t\t<!-- module_row -->\n\t<div  data-lazy=\"1\" class=\"module_row themify_builder_row tb_0z2c111 tf_w tf_clearfix\">\n\t    \t\t\t<div class=\"row_inner col_align_top tb_col_count_1 tf_box tf_rel\">\n\t\t            <div  data-lazy=\"1\" class=\"module_column tb-column col-full tb_3zct117 first\">\n                                                        <div class=\"tb-column-inner tf_box tf_w\">\n                        <!-- module text -->\n<div  class=\"module module-text tb_tf7w117  repeat \" data-lazy=\"1\">\n        <div  class=\"tb_text_wrap\">\n    <p style=\"text-align: center;\"><a href=\"http:\/\/www.aquarium-priem.de\/index.php\/aquarien-zubehoer\">Aquarien Zubeh\u00f6r<\/a><\/p>    <\/div>\n<\/div>\n<!-- \/module text -->                    <\/div>\n                            <\/div>\n            \t    <\/div>\n\t    <!-- \/row_inner -->\n\t<\/div>\n\t<!-- \/module_row -->\n\t<\/div>\n<!--\/themify_builder_content-->","protected":false},"excerpt":{"rendered":"<p>PRODUKTE Aquarien und Aquarium Zubeh\u00f6r Sie sind neu in der Aquaristik und\/oder suchen erprobte L\u00f6sungen im Bereich Aquarium. Bei uns werden Sie f\u00fcndig! Neben kompletten Aquarien f\u00fchren wir auch ein gro\u00dfes und vielf\u00e4ltiges Sortiment an Aquarium Zubeh\u00f6r, wie auch alles was zur Einrichtung und dauerhaften Betrieb geh\u00f6rt. Rufen Sie uns gerne an und fragen Sie. [&hellip;]<\/p>\n","protected":false},"author":2,"featured_media":0,"parent":0,"menu_order":0,"comment_status":"closed","ping_status":"closed","template":"","meta":[],"builder_content":"<h1>PRODUKTE<\/h1>\n<h3 style=\"text-align: center;\">Aquarien und Aquarium Zubeh\u00f6r<\/h3>\n<p style=\"text-align: center;\">Sie sind neu in der Aquaristik und\/oder suchen erprobte L\u00f6sungen im Bereich Aquarium. Bei uns werden Sie f\u00fcndig! Neben kompletten Aquarien f\u00fchren wir auch ein gro\u00dfes und vielf\u00e4ltiges Sortiment an Aquarium Zubeh\u00f6r, wie auch alles was zur Einrichtung und dauerhaften Betrieb geh\u00f6rt.<\/p> <p style=\"text-align: center;\">Rufen Sie uns gerne an und fragen Sie.<\/p> <p style=\"text-align: center;\">Oder noch einfacher,\u00a0 schauen direkt bei uns im Laden vorbei.<\/p> <p style=\"text-align: center;\">Welche Fische am besten zu Ihren Vorstellungen passen, werden wir sehr gerne in einem lockeren Gespr\u00e4ch herausfinden.<\/p> <p style=\"text-align: center;\">Sollte der optimale Besatz nicht vorhanden sein, k\u00f6nnen wir Diesen sicherlich je nach Verf\u00fcgbarkeit umgehend beschaffen.<\/p> <p style=\"text-align: center;\">Scheuen Sie sich nicht zu fragen!<\/p> <p style=\"text-align: center;\">Beratung ist bei nicht nur eine Floskel, sondern die Grundlage f\u00fcr \u00fcber 40 j\u00e4hrige\u00a0erfolgreiche T\u00e4tigkeit rund um Ihr und unser Hobby.<\/p> <p style=\"text-align: center;\">\u00a0<\/p>\n<a href=\"http:\/\/www.aquarium-priem.de\/index.php\/proximia\/\" > <img src=\"http:\/\/www.aquarium-priem.de\/wp-content\/uploads\/2019\/11\/0492314_proxima250_LED_eiche_0318-985x1024.jpg\" width=\"985\" height=\"1024\" title=\"Produkte\" alt=\"Produkte\"> <\/a>\n<p><a href=\"http:\/\/www.aquarium-priem.de\/index.php\/proximia\/\">weiter zu Proximia<\/a><\/p>\n<a href=\"http:\/\/www.aquarium-priem.de\/index.php\/incpiria\/\" > <img src=\"http:\/\/www.aquarium-priem.de\/wp-content\/uploads\/2019\/11\/0694113_Incpiria430_Lichtleisteblau_0418-999x1024.jpg\" width=\"999\" height=\"1024\" title=\"Produkte\" alt=\"Produkte\"> <\/a>\n<p><a href=\"http:\/\/www.aquarium-priem.de\/index.php\/incpiria\/\">Weiter zu Incripia<\/a><\/p>\n<a href=\"http:\/\/www.aquarium-priem.de\/index.php\/vivaline\/\" > <img src=\"http:\/\/www.aquarium-priem.de\/wp-content\/uploads\/2019\/11\/vivalineLED180_anthrazit_0816-925x1024.jpg\" width=\"925\" height=\"1024\" title=\"Produkte\" alt=\"Produkte\"> <\/a>\n<p><a href=\"http:\/\/www.aquarium-priem.de\/index.php\/vivaline\/\">Weiter zu Vivaline Zubeh\u00f6r<\/a><\/p>\n<p style=\"text-align: center;\">Sie finden nicht Ihr optimal passendes Aquarium?<\/p> <p style=\"text-align: center;\">Wir fertigen gerne f\u00fcr Sie ein individuelles nach Ihren W\u00fcnschen gefertigtes Aquarium an.<\/p> <p style=\"text-align: center;\">Kontaktieren Sie uns unter der Rufnummer : 05423\/41849<\/p> <p style=\"text-align: center;\">Einfacher f\u00fcr Sie und uns ist nat\u00fcrlich ein Besuch direkt vor Ort, um die n\u00e4chsten Schritte zu planen.<\/p>\n<a href=\"http:\/\/www.prebuild.aquarium-priem.de\/index.php\/aquarien-zubehoer\" > <img src=\"http:\/\/www.aquarium-priem.de\/wp-content\/uploads\/2019\/11\/Neoregelia-spec.jpg\" width=\"640\" height=\"480\" title=\"Produkte\" alt=\"Produkte\"> <\/a>\n<a href=\"http:\/\/www.prebuild.aquarium-priem.de\/index.php\/aquarien-zubehoer\" > <img src=\"http:\/\/www.aquarium-priem.de\/wp-content\/uploads\/2019\/11\/vivalineLED_180_Zubeh\u00f6r_0918.jpg\" width=\"2000\" height=\"1370\" title=\"Produkte\" alt=\"Produkte\"> <\/a>\n<a href=\"http:\/\/www.prebuild.aquarium-priem.de\/index.php\/aquarien-zubehoer\" > <img src=\"http:\/\/www.aquarium-priem.de\/wp-content\/uploads\/2019\/11\/vivalineLED_240_Zubeh\u00f6r_0918.jpg\" width=\"2000\" height=\"1370\" title=\"Produkte\" alt=\"Produkte\"> <\/a>\n<a href=\"http:\/\/www.prebuild.aquarium-priem.de\/index.php\/aquarien-zubehoer\" > <img src=\"http:\/\/www.aquarium-priem.de\/wp-content\/uploads\/2019\/11\/Vesicularia-ferriei-spec.jpg\" width=\"640\" height=\"480\" title=\"Produkte\" alt=\"Produkte\"> <\/a>\n<p style=\"text-align: center;\"><a href=\"http:\/\/www.aquarium-priem.de\/index.php\/aquarien-zubehoer\">Aquarien Zubeh\u00f6r<\/a><\/p>","_links":{"self":[{"href":"https:\/\/aquarium-priem.de\/index.php\/wp-json\/wp\/v2\/pages\/198"}],"collection":[{"href":"https:\/\/aquarium-priem.de\/index.php\/wp-json\/wp\/v2\/pages"}],"about":[{"href":"https:\/\/aquarium-priem.de\/index.php\/wp-json\/wp\/v2\/types\/page"}],"author":[{"embeddable":true,"href":"https:\/\/aquarium-priem.de\/index.php\/wp-json\/wp\/v2\/users\/2"}],"replies":[{"embeddable":true,"href":"https:\/\/aquarium-priem.de\/index.php\/wp-json\/wp\/v2\/comments?post=198"}],"version-history":[{"count":36,"href":"https:\/\/aquarium-priem.de\/index.php\/wp-json\/wp\/v2\/pages\/198\/revisions"}],"predecessor-version":[{"id":693,"href":"https:\/\/aquarium-priem.de\/index.php\/wp-json\/wp\/v2\/pages\/198\/revisions\/693"}],"wp:attachment":[{"href":"https:\/\/aquarium-priem.de\/index.php\/wp-json\/wp\/v2\/media?parent=198"}],"curies":[{"name":"wp","href":"https:\/\/api.w.org\/{rel}","templated":true}]}}