{"id":205,"date":"2019-11-13T15:01:09","date_gmt":"2019-11-13T14:01:09","guid":{"rendered":"http:\/\/www.prebuild.aquarium-priem.de\/?page_id=205"},"modified":"2022-10-28T14:36:03","modified_gmt":"2022-10-28T12:36:03","slug":"partner","status":"publish","type":"page","link":"https:\/\/aquarium-priem.de\/index.php\/partner\/","title":{"rendered":"Partner"},"content":{"rendered":"<!--themify_builder_content-->\n<div id=\"themify_builder_content-205\" data-postid=\"205\" class=\"themify_builder_content themify_builder_content-205 themify_builder tf_clear\">\n    \t\t\t<!-- module_row -->\n\t<div  data-css_id=\"xy7b545\" data-lazy=\"1\" class=\"module_row themify_builder_row fullwidth_row_container tb_xy7b545 tb_first tf_w tf_clearfix wow\" data-tf-animation=\"fadeIn\">\n\t    \t\t\t<div class=\"row_inner col_align_top tb_col_count_1 tf_box tf_rel\">\n\t\t            <div  data-lazy=\"1\" class=\"module_column tb-column col-full tb_gb6j547 first\">\n                                                        <div class=\"tb-column-inner tf_box tf_w\">\n                        <!-- module text -->\n<div  class=\"module module-text tb_wz7c547  repeat  wow\" data-tf-animation=\"fadeInUp\" data-lazy=\"1\">\n        <div  class=\"tb_text_wrap\">\n    <h1>PARTNER<\/h1>    <\/div>\n<\/div>\n<!-- \/module text --><!-- module text -->\n<div  class=\"module module-text tb_k0wv548  repeat \" data-lazy=\"1\">\n        <div  class=\"tb_text_wrap\">\n        <\/div>\n<\/div>\n<!-- \/module text -->                    <\/div>\n                            <\/div>\n            \t    <\/div>\n\t    <!-- \/row_inner -->\n\t<\/div>\n\t<!-- \/module_row -->\n\t\t\t\t<!-- module_row -->\n\t<div  data-lazy=\"1\" class=\"module_row themify_builder_row tb_oggo546 tf_w tf_clearfix\">\n\t    \t\t\t<div class=\"row_inner col_align_top tb_col_count_1 tf_box tf_rel\">\n\t\t            <div  data-lazy=\"1\" class=\"module_column tb-column col-full tb_9wwf548 first\">\n                                                        <div class=\"tb-column-inner tf_box tf_w\">\n                        <!-- module text -->\n<div  class=\"module module-text tb_vgmg548  repeat \" data-lazy=\"1\">\n        <div  class=\"tb_text_wrap\">\n    <p style=\"text-align: center;\">Aquarium Priem hat es sich zur Aufgabe gemacht, nicht die von uns pr\u00e4ferierten Aquarien zu vertreiben, sondern die f\u00fcr die W\u00fcnsche beim Kunden beste L\u00f6sung zu finden und umzusetzen, daher f\u00fchren wir viele namhafte Hersteller. Hier eine kurze \u00dcbersicht :<\/p>    <\/div>\n<\/div>\n<!-- \/module text -->                    <\/div>\n                            <\/div>\n            \t    <\/div>\n\t    <!-- \/row_inner -->\n\t<\/div>\n\t<!-- \/module_row -->\n\t\t\t\t<!-- module_row -->\n\t<div  data-lazy=\"1\" class=\"module_row themify_builder_row tb_tipo546 tf_w tf_clearfix\">\n\t    \t\t\t<div class=\"row_inner col_align_top tb_col_count_1 tf_box tf_rel\">\n\t\t            <div  data-lazy=\"1\" class=\"module_column tb-column col-full tb_naze549 first\">\n                                                        <div class=\"tb-column-inner tf_box tf_w\">\n                        <!-- module text -->\n<div  class=\"module module-text tb_6pr7549  repeat \" data-lazy=\"1\">\n        <div  class=\"tb_text_wrap\">\n    <div class=\"module_column tb-column tb_element_cid_c39 col6-1 first module_column_0 tb_205_column compact-mode\" data-cid=\"c39\">\n<div class=\"tb_holder ui-sortable\">\n<div class=\"tb_module_front active_module tb_element_cid_c43 module module-image image-top image-205-2-0-0 ui-sortable-handle\" data-cid=\"c43\">\n<div class=\"image-wrap\"><a href=\"https:\/\/www.sera.de\/de\/\"><img decoding=\"async\" src=\"http:\/\/www.aquarium-priem.de\/wp-content\/uploads\/2019\/11\/Sera.png\" \/><\/a><\/div>\n<\/div>\n<div class=\"tb_module_front active_module tb_element_cid_c47 module module-text text-205-2-0-1 ui-sortable-handle\" data-cid=\"c47\">\n<h3><a href=\"https:\/\/www.sera.de\/de\/\"> GmbH<\/a><\/h3>\n<\/div>\n<\/div>\n<\/div>\n<div class=\"module_column tb-column tb_element_cid_c51 col6-1 module_column_1 tb_205_column compact-mode\" data-cid=\"c51\">\n<div class=\"tb_grid_drag tb_drag_right tb_disable_sorting ui-draggable ui-draggable-handle\">\u00a0<\/div>\n<div class=\"tb_grid_drag tb_drag_left tb_disable_sorting ui-draggable ui-draggable-handle\">\u00a0<\/div>\n<div class=\"tb_holder ui-sortable\">\n<div class=\"tb_module_front active_module tb_element_cid_c55 module module-image image-top image-205-2-1-0 ui-sortable-handle\" data-cid=\"c55\">\n<div class=\"image-wrap\"><a href=\"https:\/\/www.eheim.com\/de_DE\/startseite\"><img decoding=\"async\" src=\"http:\/\/www.aquarium-priem.de\/wp-content\/uploads\/2019\/11\/Eheim.png\" \/><\/a><\/div>\n<\/div>\n<div class=\"tb_module_front active_module tb_element_cid_c59 module module-text text-205-2-1-1 ui-sortable-handle\" data-cid=\"c59\">\n<h3><a href=\"https:\/\/www.eheim.com\/de_DE\/startseite\">Eheim GmbH<\/a><\/h3>\n<\/div>\n<\/div>\n<\/div>\n<div class=\"module_column tb-column tb_element_cid_c63 col6-1 module_column_2 tb_205_column compact-mode\" data-cid=\"c63\">\n<div class=\"tb_grid_drag tb_drag_right tb_disable_sorting ui-draggable ui-draggable-handle\">\u00a0<\/div>\n<div class=\"tb_grid_drag tb_drag_left tb_disable_sorting ui-draggable ui-draggable-handle\">\u00a0<\/div>\n<div class=\"tb_holder ui-sortable\">\n<div class=\"tb_module_front active_module tb_element_cid_c67 module module-image image-top image-205-2-2-0 ui-sortable-handle\" data-cid=\"c67\">\n<div class=\"image-wrap\"><a href=\"http:\/\/www.resun-china.com\/en\/\"><img decoding=\"async\" src=\"http:\/\/www.aquarium-priem.de\/wp-content\/uploads\/2019\/11\/Resun.png\" \/><\/a><\/div>\n<\/div>\n<div class=\"tb_module_front active_module tb_element_cid_c71 module module-text text-205-2-2-1 ui-sortable-handle\" data-cid=\"c71\">\n<h3><a href=\"http:\/\/www.resun-china.com\/en\/\">Resun Co.<\/a><\/h3>\n<\/div>\n<\/div>\n<\/div>\n<div class=\"module_column tb-column tb_element_cid_c75 col6-1 module_column_3 tb_205_column compact-mode\" data-cid=\"c75\">\n<div class=\"tb_grid_drag tb_drag_right tb_disable_sorting ui-draggable ui-draggable-handle\">\u00a0<\/div>\n<div class=\"tb_grid_drag tb_drag_left tb_disable_sorting ui-draggable ui-draggable-handle\">\u00a0<\/div>\n<div class=\"tb_holder ui-sortable\">\n<div class=\"tb_module_front active_module tb_element_cid_c79 module module-image image-top image-205-2-3-0 ui-sortable-handle\" data-cid=\"c79\">\n<div class=\"image-wrap\"><a href=\"https:\/\/www.aqua-medic.de\/\"><img decoding=\"async\" src=\"http:\/\/www.aquarium-priem.de\/wp-content\/uploads\/2019\/11\/Aqua-Medic.png\" \/><\/a><\/div>\n<\/div>\n<div class=\"tb_module_front active_module tb_element_cid_c83 module module-text text-205-2-3-1 ui-sortable-handle\" data-cid=\"c83\">\n<h3><a href=\"https:\/\/www.aqua-medic.de\/\">Aqua Medic GmbH<\/a><\/h3>\n<\/div>\n<\/div>\n<\/div>\n<div class=\"module_column tb-column tb_element_cid_c87 col6-1 module_column_4 tb_205_column compact-mode\" data-cid=\"c87\">\n<div class=\"tb_grid_drag tb_drag_right tb_disable_sorting ui-draggable ui-draggable-handle\">\u00a0<\/div>\n<div class=\"tb_grid_drag tb_drag_left tb_disable_sorting ui-draggable ui-draggable-handle\">\u00a0<\/div>\n<div class=\"tb_holder ui-sortable\">\n<div class=\"tb_module_front active_module tb_element_cid_c91 module module-image image-top image-205-2-4-0 ui-sortable-handle\" data-cid=\"c91\">\n<div class=\"image-wrap\"><a href=\"https:\/\/www.juwel-aquarium.de\/\"><img decoding=\"async\" src=\"http:\/\/www.aquarium-priem.de\/wp-content\/uploads\/2019\/11\/Juwel.png\" \/><\/a><\/div>\n<\/div>\n<div class=\"tb_module_front active_module tb_element_cid_c95 module module-text text-205-2-4-1 ui-sortable-handle\" data-cid=\"c95\">\n<h3><a href=\"https:\/\/www.juwel-aquarium.de\/\">Juwel Aquarium AG &amp; Co.<\/a><\/h3>\n<\/div>\n<\/div>\n<\/div>\n<div class=\"module_column tb-column tb_element_cid_c99 col6-1 last module_column_5 tb_205_column compact-mode\" data-cid=\"c99\">\n<div class=\"tb_grid_drag tb_drag_left tb_disable_sorting ui-draggable ui-draggable-handle\">\u00a0<\/div>\n<div class=\"tb_holder ui-sortable\">\n<div class=\"tb_module_front active_module tb_element_cid_c103 module module-image image-top image-205-2-5-0 ui-sortable-handle\" data-cid=\"c103\">\n<div class=\"image-wrap\"><a href=\"https:\/\/www.dohse-aquaristik.com\/de\"><img decoding=\"async\" src=\"http:\/\/www.aquarium-priem.de\/wp-content\/uploads\/2019\/12\/Hobby_Aquaristik_Logo_cmyk.jpg\" \/><\/a><\/div>\n<\/div>\n<div class=\"tb_module_front active_module tb_element_cid_c107 module module-text text-205-2-5-1 ui-sortable-handle\" data-cid=\"c107\">\n<h3><a href=\"https:\/\/www.dohse-aquaristik.com\/de\">Dohse Aquaristik GmbH &amp; co.KG<\/a><\/h3>\n<\/div>\n<\/div>\n<\/div>    <\/div>\n<\/div>\n<!-- \/module text -->                    <\/div>\n                            <\/div>\n            \t    <\/div>\n\t    <!-- \/row_inner -->\n\t<\/div>\n\t<!-- \/module_row -->\n\t\t\t\t<!-- module_row -->\n\t<div  data-lazy=\"1\" class=\"module_row themify_builder_row tb_jatw546 tf_w tf_clearfix\">\n\t    \t\t\t<div class=\"row_inner gutter-narrow col_align_top tb_col_count_6 tf_box tf_rel\">\n\t\t            <div  data-lazy=\"1\" class=\"module_column tb-column col6-1 tb_qnny550 first\">\n                                                <\/div>\n                        <div  data-lazy=\"1\" class=\"module_column tb-column col6-1 tb_z7ro550\">\n                                                <\/div>\n                        <div  data-lazy=\"1\" class=\"module_column tb-column col6-1 tb_tgl1550\">\n                                                <\/div>\n                        <div  data-lazy=\"1\" class=\"module_column tb-column col6-1 tb_c210550\">\n                                                <\/div>\n                        <div  data-lazy=\"1\" class=\"module_column tb-column col6-1 tb_o327550\">\n                                                <\/div>\n                        <div  data-lazy=\"1\" class=\"module_column tb-column col6-1 tb_1q2o550 last\">\n                                                <\/div>\n            \t    <\/div>\n\t    <!-- \/row_inner -->\n\t<\/div>\n\t<!-- \/module_row -->\n\t\t\t\t<!-- module_row -->\n\t<div  data-lazy=\"1\" class=\"module_row themify_builder_row tb_iwdp546 tf_w tf_clearfix\">\n\t    \t\t\t<div class=\"row_inner col_align_top tb_col_count_1 tf_box tf_rel\">\n\t\t            <div  data-lazy=\"1\" class=\"module_column tb-column col-full tb_n5io551 first\">\n                                                        <div class=\"tb-column-inner tf_box tf_w\">\n                        <!-- module text -->\n<div  class=\"module module-text tb_8h3a551  repeat \" data-lazy=\"1\">\n        <div  class=\"tb_text_wrap\">\n    <p style=\"text-align: center;\">In zusammenarbeit mit G.H\u00f6ner haben wir ein sehr gro\u00dfes und vielf\u00e4ltiges Sortiment an Fischen.<\/p>\n<p style=\"text-align: center;\">Schauen Sie auf der Seite vorbei und melden Sie Sich bei uns f\u00fcr die Bestellung der Fische.\u00a0<\/p>    <\/div>\n<\/div>\n<!-- \/module text -->                    <\/div>\n                            <\/div>\n            \t    <\/div>\n\t    <!-- \/row_inner -->\n\t<\/div>\n\t<!-- \/module_row -->\n\t\t\t\t<!-- module_row -->\n\t<div  data-lazy=\"1\" class=\"module_row themify_builder_row tb_6m2z546 tf_w tf_clearfix\">\n\t    \t\t\t<div class=\"row_inner col_align_top tb_col_count_3 tf_box tf_rel\">\n\t\t            <div  data-lazy=\"1\" class=\"module_column tb-column col3-1 tb_t7l0551 first\">\n                                                <\/div>\n                        <div  data-lazy=\"1\" class=\"module_column tb-column col3-1 tb_lcja551\">\n                                                        <div class=\"tb-column-inner tf_box tf_w\">\n                        <!-- module image -->\n<div  class=\"module module-image tb_nz1g551   image-top tf_mw\" data-lazy=\"1\">\n        <div class=\"image-wrap tf_rel tf_mw\">\n\t\t    <a href=\"http:\/\/www.g-hoener.de\/\"\n\t       \t       >\n\t\t   \t\t<img src=\"http:\/\/www.aquarium-priem.de\/wp-content\/uploads\/2019\/11\/H\u00d6NER.png\" width=\"270\" height=\"88\" title=\"Partner\" alt=\"Partner\">\t    <\/a>\n\t\n\t\t<\/div>\n\t<!-- \/image-wrap -->\n    \n    \t<\/div>\n<!-- \/module image -->                    <\/div>\n                            <\/div>\n                        <div  data-lazy=\"1\" class=\"module_column tb-column col3-1 tb_ex9f552 last\">\n                                                <\/div>\n            \t    <\/div>\n\t    <!-- \/row_inner -->\n\t<\/div>\n\t<!-- \/module_row -->\n\t<\/div>\n<!--\/themify_builder_content-->","protected":false},"excerpt":{"rendered":"<p>PARTNER Aquarium Priem hat es sich zur Aufgabe gemacht, nicht die von uns pr\u00e4ferierten Aquarien zu vertreiben, sondern die f\u00fcr die W\u00fcnsche beim Kunden beste L\u00f6sung zu finden und umzusetzen, daher f\u00fchren wir viele namhafte Hersteller. Hier eine kurze \u00dcbersicht : GmbH \u00a0 \u00a0 Eheim GmbH \u00a0 \u00a0 Resun Co. \u00a0 \u00a0 Aqua Medic GmbH [&hellip;]<\/p>\n","protected":false},"author":2,"featured_media":0,"parent":0,"menu_order":0,"comment_status":"closed","ping_status":"closed","template":"","meta":[],"builder_content":"<h1>PARTNER<\/h1>\n\n<p style=\"text-align: center;\">Aquarium Priem hat es sich zur Aufgabe gemacht, nicht die von uns pr\u00e4ferierten Aquarien zu vertreiben, sondern die f\u00fcr die W\u00fcnsche beim Kunden beste L\u00f6sung zu finden und umzusetzen, daher f\u00fchren wir viele namhafte Hersteller. Hier eine kurze \u00dcbersicht :<\/p>\n<a href=\"https:\/\/www.sera.de\/de\/\"><img decoding=\"async\" src=\"http:\/\/www.aquarium-priem.de\/wp-content\/uploads\/2019\/11\/Sera.png\" \/><\/a>\n<h3><a href=\"https:\/\/www.sera.de\/de\/\"> GmbH<\/a><\/h3>\n\u00a0 \u00a0\n<a href=\"https:\/\/www.eheim.com\/de_DE\/startseite\"><img decoding=\"async\" src=\"http:\/\/www.aquarium-priem.de\/wp-content\/uploads\/2019\/11\/Eheim.png\" \/><\/a>\n<h3><a href=\"https:\/\/www.eheim.com\/de_DE\/startseite\">Eheim GmbH<\/a><\/h3>\n\u00a0 \u00a0\n<a href=\"http:\/\/www.resun-china.com\/en\/\"><img decoding=\"async\" src=\"http:\/\/www.aquarium-priem.de\/wp-content\/uploads\/2019\/11\/Resun.png\" \/><\/a>\n<h3><a href=\"http:\/\/www.resun-china.com\/en\/\">Resun Co.<\/a><\/h3>\n\u00a0 \u00a0\n<a href=\"https:\/\/www.aqua-medic.de\/\"><img decoding=\"async\" src=\"http:\/\/www.aquarium-priem.de\/wp-content\/uploads\/2019\/11\/Aqua-Medic.png\" \/><\/a>\n<h3><a href=\"https:\/\/www.aqua-medic.de\/\">Aqua Medic GmbH<\/a><\/h3>\n\u00a0 \u00a0\n<a href=\"https:\/\/www.juwel-aquarium.de\/\"><img decoding=\"async\" src=\"http:\/\/www.aquarium-priem.de\/wp-content\/uploads\/2019\/11\/Juwel.png\" \/><\/a>\n<h3><a href=\"https:\/\/www.juwel-aquarium.de\/\">Juwel Aquarium AG &amp; Co.<\/a><\/h3>\n\u00a0\n<a href=\"https:\/\/www.dohse-aquaristik.com\/de\"><img decoding=\"async\" src=\"http:\/\/www.aquarium-priem.de\/wp-content\/uploads\/2019\/12\/Hobby_Aquaristik_Logo_cmyk.jpg\" \/><\/a>\n<h3><a href=\"https:\/\/www.dohse-aquaristik.com\/de\">Dohse Aquaristik GmbH &amp; co.KG<\/a><\/h3>\n<p style=\"text-align: center;\">In zusammenarbeit mit G.H\u00f6ner haben wir ein sehr gro\u00dfes und vielf\u00e4ltiges Sortiment an Fischen.<\/p> <p style=\"text-align: center;\">Schauen Sie auf der Seite vorbei und melden Sie Sich bei uns f\u00fcr die Bestellung der Fische.\u00a0<\/p>\n<a href=\"http:\/\/www.g-hoener.de\/\" > <img src=\"http:\/\/www.aquarium-priem.de\/wp-content\/uploads\/2019\/11\/H\u00d6NER.png\" width=\"270\" height=\"88\" title=\"Partner\" alt=\"Partner\"> <\/a>","_links":{"self":[{"href":"https:\/\/aquarium-priem.de\/index.php\/wp-json\/wp\/v2\/pages\/205"}],"collection":[{"href":"https:\/\/aquarium-priem.de\/index.php\/wp-json\/wp\/v2\/pages"}],"about":[{"href":"https:\/\/aquarium-priem.de\/index.php\/wp-json\/wp\/v2\/types\/page"}],"author":[{"embeddable":true,"href":"https:\/\/aquarium-priem.de\/index.php\/wp-json\/wp\/v2\/users\/2"}],"replies":[{"embeddable":true,"href":"https:\/\/aquarium-priem.de\/index.php\/wp-json\/wp\/v2\/comments?post=205"}],"version-history":[{"count":32,"href":"https:\/\/aquarium-priem.de\/index.php\/wp-json\/wp\/v2\/pages\/205\/revisions"}],"predecessor-version":[{"id":697,"href":"https:\/\/aquarium-priem.de\/index.php\/wp-json\/wp\/v2\/pages\/205\/revisions\/697"}],"wp:attachment":[{"href":"https:\/\/aquarium-priem.de\/index.php\/wp-json\/wp\/v2\/media?parent=205"}],"curies":[{"name":"wp","href":"https:\/\/api.w.org\/{rel}","templated":true}]}}