{"id":37,"date":"2019-11-11T12:41:57","date_gmt":"2019-11-11T11:41:57","guid":{"rendered":"http:\/\/www.prebuild.aquarium-priem.de\/?page_id=37"},"modified":"2023-03-21T09:53:41","modified_gmt":"2023-03-21T08:53:41","slug":"incpiria","status":"publish","type":"page","link":"https:\/\/aquarium-priem.de\/index.php\/incpiria\/","title":{"rendered":"Incpiria"},"content":{"rendered":"<!--themify_builder_content-->\n<div id=\"themify_builder_content-37\" data-postid=\"37\" class=\"themify_builder_content themify_builder_content-37 themify_builder tf_clear\">\n    \t\t\t<!-- module_row -->\n\t<div  data-css_id=\"d9fy555\" data-lazy=\"1\" class=\"module_row themify_builder_row fullwidth_row_container tb_d9fy555 tb_first tf_w tf_clearfix wow\" data-tf-animation=\"fadeIn\">\n\t    \t\t\t<div class=\"row_inner col_align_top tb_col_count_1 tf_box tf_rel\">\n\t\t            <div  data-lazy=\"1\" class=\"module_column tb-column col-full tb_mref996 first\">\n                                                        <div class=\"tb-column-inner tf_box tf_w\">\n                        <!-- module text -->\n<div  class=\"module module-text tb_ht42999  repeat  wow\" data-tf-animation=\"fadeInUp\" data-lazy=\"1\">\n        <div  class=\"tb_text_wrap\">\n    <h1>INCPIRIA PRODUKTE<\/h1>    <\/div>\n<\/div>\n<!-- \/module text -->                    <\/div>\n                            <\/div>\n            \t    <\/div>\n\t    <!-- \/row_inner -->\n\t<\/div>\n\t<!-- \/module_row -->\n\t\t\t\t<!-- module_row -->\n\t<div  data-css_id=\"sox6970\" data-lazy=\"1\" class=\"module_row themify_builder_row fullwidth_row_container tb_sox6970 tf_w tf_clearfix\">\n\t    \t\t\t<div class=\"row_inner col_align_middle tb_col_count_2 tf_box tf_rel\">\n\t\t            <div  data-lazy=\"1\" class=\"module_column tb-column col4-2 tb_z5nz505 first\">\n                                                        <div class=\"tb-column-inner tf_box tf_w\">\n                        <!-- module text -->\n<div  class=\"module module-text tb_7am7700  repeat  wow\" data-tf-animation=\"fadeInLeft\" data-lazy=\"1\">\n        <div  class=\"tb_text_wrap\">\n    <h3>Incpiria 230\u00a0 LED<\/h3>\n<ul>\n<li>Gr\u00f6\u00dfe : 230 Liter<\/li>\n<li>Beleuchtung : LED<\/li>\n<li>Farben : In allen hier abgebildeten Farben erh\u00e4lt<\/li>\n<li>F\u00fcr alles weitere kontaktieren Sie uns<\/li>\n<\/ul>    <\/div>\n<\/div>\n<!-- \/module text -->                    <\/div>\n                            <\/div>\n                        <div  data-lazy=\"1\" class=\"module_column tb-column col4-2 tb_7hwp811 last\">\n                                                        <div class=\"tb-column-inner tf_box tf_w\">\n                        <!-- module image -->\n<div  class=\"module module-image tb_tjc4419   image-top tf_mw wow\" data-tf-animation=\"fadeInRight\" data-lazy=\"1\">\n        <div class=\"image-wrap tf_rel tf_mw\">\n\t\t    <img src=\"https:\/\/aquarium-priem.de\/wp-content\/uploads\/2019\/11\/0692111_Incpiria230_bef_0418-1024x683.jpg\" class=\"wp-post-image wp-image-152\" title=\"0692111_Incpiria230_bef_0418\" alt=\"0692111_Incpiria230_bef_0418\" srcset=\"https:\/\/aquarium-priem.de\/wp-content\/uploads\/2019\/11\/0692111_Incpiria230_bef_0418-1024x683.jpg 1024w, https:\/\/aquarium-priem.de\/wp-content\/uploads\/2019\/11\/0692111_Incpiria230_bef_0418-300x200.jpg 300w, https:\/\/aquarium-priem.de\/wp-content\/uploads\/2019\/11\/0692111_Incpiria230_bef_0418-768x513.jpg 768w\" sizes=\"(max-width: 1024px) 100vw, 1024px\" \/>\t\n\t\t<\/div>\n\t<!-- \/image-wrap -->\n    \n    \t<\/div>\n<!-- \/module image -->                    <\/div>\n                            <\/div>\n            \t    <\/div>\n\t    <!-- \/row_inner -->\n\t<\/div>\n\t<!-- \/module_row -->\n\t\t\t\t<!-- module_row -->\n\t<div  data-css_id=\"7mo5901\" data-lazy=\"1\" class=\"module_row themify_builder_row fullwidth_row_container tb_7mo5901 tf_w tf_clearfix\">\n\t    \t\t\t<div class=\"row_inner col_align_middle tb_col_count_2 tf_box tf_rel\">\n\t\t            <div  data-lazy=\"1\" class=\"module_column tb-column col4-2 tb_y9x8900 first\">\n                                                        <div class=\"tb-column-inner tf_box tf_w\">\n                        <!-- module image -->\n<div  class=\"module module-image tb_bwwh091   image-top tf_mw wow\" data-tf-animation=\"fadeInLeft\" data-lazy=\"1\">\n        <div class=\"image-wrap tf_rel tf_mw\">\n\t\t    <img src=\"https:\/\/aquarium-priem.de\/wp-content\/uploads\/2019\/11\/0693113_Incpiria330_bef_0418.jpg\" class=\"wp-post-image wp-image-153\" title=\"0693113_Incpiria330_bef_0418\" alt=\"0693113_Incpiria330_bef_0418\" srcset=\"https:\/\/aquarium-priem.de\/wp-content\/uploads\/2019\/11\/0693113_Incpiria330_bef_0418.jpg 7360w, https:\/\/aquarium-priem.de\/wp-content\/uploads\/2019\/11\/0693113_Incpiria330_bef_0418-300x200.jpg 300w, https:\/\/aquarium-priem.de\/wp-content\/uploads\/2019\/11\/0693113_Incpiria330_bef_0418-768x513.jpg 768w, https:\/\/aquarium-priem.de\/wp-content\/uploads\/2019\/11\/0693113_Incpiria330_bef_0418-1024x683.jpg 1024w\" sizes=\"(max-width: 7360px) 100vw, 7360px\" \/>\t\n\t\t<\/div>\n\t<!-- \/image-wrap -->\n    \n    \t<\/div>\n<!-- \/module image -->                    <\/div>\n                            <\/div>\n                        <div  data-lazy=\"1\" class=\"module_column tb-column col4-2 tb_1h4h051 last\">\n                                                        <div class=\"tb-column-inner tf_box tf_w\">\n                        <!-- module text -->\n<div  class=\"module module-text tb_yfcp990  repeat  wow\" data-tf-animation=\"fadeInRight\" data-lazy=\"1\">\n        <div  class=\"tb_text_wrap\">\n    <h3>Incpiria\u00a0 330\u00a0 LED<\/h3>\n<ul>\n<li>Gr\u00f6\u00dfe : 330 Liter<\/li>\n<li>Beleuchtung : LED<\/li>\n<li>Farben : In allen hier abgebildeten Farben erh\u00e4lt<\/li>\n<li>F\u00fcr alles weitere kontaktieren Sie uns<\/li>\n<\/ul>    <\/div>\n<\/div>\n<!-- \/module text -->                    <\/div>\n                            <\/div>\n            \t    <\/div>\n\t    <!-- \/row_inner -->\n\t<\/div>\n\t<!-- \/module_row -->\n\t\t\t\t<!-- module_row -->\n\t<div  data-css_id=\"dotn606\" data-lazy=\"1\" class=\"module_row themify_builder_row fullwidth_row_container tb_dotn606 tf_w tf_clearfix\">\n\t    \t\t\t<div class=\"row_inner col_align_middle tb_col_count_2 tf_box tf_rel\">\n\t\t            <div  data-lazy=\"1\" class=\"module_column tb-column col4-2 tb_4dn9410 first\">\n                                                        <div class=\"tb-column-inner tf_box tf_w\">\n                        <!-- module text -->\n<div  class=\"module module-text tb_bt3q700  repeat  wow\" data-tf-animation=\"fadeInLeft\" data-lazy=\"1\">\n        <div  class=\"tb_text_wrap\">\n    <h3>Incpiria 430\u00a0 LED<\/h3>\n<ul>\n<li>Gr\u00f6\u00dfe : 430 Liter<\/li>\n<li>Beleuchtung : LED<\/li>\n<li>Farben : In allen hier abgebildeten Farben erh\u00e4lt<\/li>\n<li>F\u00fcr alles weitere kontaktieren Sie uns<\/li>\n<\/ul>    <\/div>\n<\/div>\n<!-- \/module text -->                    <\/div>\n                            <\/div>\n                        <div  data-lazy=\"1\" class=\"module_column tb-column col4-2 tb_n78g101 last\">\n                                                        <div class=\"tb-column-inner tf_box tf_w\">\n                        <!-- module image -->\n<div  class=\"module module-image tb_12g3001   image-top tf_mw wow\" data-tf-animation=\"fadeInRight\" data-lazy=\"1\">\n        <div class=\"image-wrap tf_rel tf_mw\">\n\t\t    <img src=\"https:\/\/aquarium-priem.de\/wp-content\/uploads\/2019\/11\/0694118_Incpiria430_bef_0418.jpg\" class=\"wp-post-image wp-image-154\" title=\"0694118_Incpiria430_bef_0418\" alt=\"0694118_Incpiria430_bef_0418\" srcset=\"https:\/\/aquarium-priem.de\/wp-content\/uploads\/2019\/11\/0694118_Incpiria430_bef_0418.jpg 7360w, https:\/\/aquarium-priem.de\/wp-content\/uploads\/2019\/11\/0694118_Incpiria430_bef_0418-300x200.jpg 300w, https:\/\/aquarium-priem.de\/wp-content\/uploads\/2019\/11\/0694118_Incpiria430_bef_0418-768x513.jpg 768w, https:\/\/aquarium-priem.de\/wp-content\/uploads\/2019\/11\/0694118_Incpiria430_bef_0418-1024x683.jpg 1024w\" sizes=\"(max-width: 7360px) 100vw, 7360px\" \/>\t\n\t\t<\/div>\n\t<!-- \/image-wrap -->\n    \n    \t<\/div>\n<!-- \/module image -->                    <\/div>\n                            <\/div>\n            \t    <\/div>\n\t    <!-- \/row_inner -->\n\t<\/div>\n\t<!-- \/module_row -->\n\t\t\t\t<!-- module_row -->\n\t<div  data-css_id=\"dace051\" data-lazy=\"1\" class=\"module_row themify_builder_row fullwidth_row_container tb_dace051 tf_w tf_clearfix\">\n\t    \t\t\t<div class=\"row_inner col_align_middle tb_col_count_2 tf_box tf_rel\">\n\t\t            <div  data-lazy=\"1\" class=\"module_column tb-column col4-2 tb_snna106 first\">\n                                                        <div class=\"tb-column-inner tf_box tf_w\">\n                        <!-- module image -->\n<div  class=\"module module-image tb_w9wu606   image-top tf_mw wow\" data-tf-animation=\"fadeInLeft\" data-lazy=\"1\">\n        <div class=\"image-wrap tf_rel tf_mw\">\n\t\t    <img src=\"https:\/\/aquarium-priem.de\/wp-content\/uploads\/2019\/11\/0695119_Incpiria530_bef_0418.jpg\" class=\"wp-post-image wp-image-155\" title=\"0695119_Incpiria530_bef_0418\" alt=\"0695119_Incpiria530_bef_0418\" srcset=\"https:\/\/aquarium-priem.de\/wp-content\/uploads\/2019\/11\/0695119_Incpiria530_bef_0418.jpg 7360w, https:\/\/aquarium-priem.de\/wp-content\/uploads\/2019\/11\/0695119_Incpiria530_bef_0418-300x200.jpg 300w, https:\/\/aquarium-priem.de\/wp-content\/uploads\/2019\/11\/0695119_Incpiria530_bef_0418-768x513.jpg 768w, https:\/\/aquarium-priem.de\/wp-content\/uploads\/2019\/11\/0695119_Incpiria530_bef_0418-1024x683.jpg 1024w\" sizes=\"(max-width: 7360px) 100vw, 7360px\" \/>\t\n\t\t<\/div>\n\t<!-- \/image-wrap -->\n    \n    \t<\/div>\n<!-- \/module image -->                    <\/div>\n                            <\/div>\n                        <div  data-lazy=\"1\" class=\"module_column tb-column col4-2 tb_bow3010 last\">\n                                                        <div class=\"tb-column-inner tf_box tf_w\">\n                        <!-- module text -->\n<div  class=\"module module-text tb_a92z610  repeat  wow\" data-tf-animation=\"fadeInRight\" data-lazy=\"1\">\n        <div  class=\"tb_text_wrap\">\n    <h3>Incpiria 530\u00a0 LED<\/h3>\n<ul>\n<li>Gr\u00f6\u00dfe : 530 Liter<\/li>\n<li>Beleuchtung : LED<\/li>\n<li>Farben : In allen hier abgebildeten Farben erh\u00e4lt<\/li>\n<li>F\u00fcr alles weitere kontaktieren Sie uns<\/li>\n<\/ul>    <\/div>\n<\/div>\n<!-- \/module text -->                    <\/div>\n                            <\/div>\n            \t    <\/div>\n\t    <!-- \/row_inner -->\n\t<\/div>\n\t<!-- \/module_row -->\n\t<\/div>\n<!--\/themify_builder_content-->","protected":false},"excerpt":{"rendered":"<p>INCPIRIA PRODUKTE Incpiria 230\u00a0 LED Gr\u00f6\u00dfe : 230 Liter Beleuchtung : LED Farben : In allen hier abgebildeten Farben erh\u00e4lt Preis : 1079\u20ac ohne Inhalt F\u00fcr alles weitere kontaktieren Sie uns Incpiria\u00a0 330\u00a0 LED Gr\u00f6\u00dfe : 330 Liter Beleuchtung : LED Farben : In allen hier abgebildeten Farben erh\u00e4lt Preis : 1299\u20ac ohne Inhalt F\u00fcr [&hellip;]<\/p>\n","protected":false},"author":2,"featured_media":0,"parent":0,"menu_order":0,"comment_status":"closed","ping_status":"closed","template":"","meta":[],"builder_content":"<h1>INCPIRIA PRODUKTE<\/h1>\n<h3>Incpiria 230\u00a0 LED<\/h3> <ul> <li>Gr\u00f6\u00dfe : 230 Liter<\/li> <li>Beleuchtung : LED<\/li> <li>Farben : In allen hier abgebildeten Farben erh\u00e4lt<\/li> <li>F\u00fcr alles weitere kontaktieren Sie uns<\/li> <\/ul>\n<img src=\"https:\/\/aquarium-priem.de\/wp-content\/uploads\/2019\/11\/0692111_Incpiria230_bef_0418-1024x683.jpg\" title=\"0692111_Incpiria230_bef_0418\" alt=\"0692111_Incpiria230_bef_0418\" srcset=\"https:\/\/aquarium-priem.de\/wp-content\/uploads\/2019\/11\/0692111_Incpiria230_bef_0418-1024x683.jpg 1024w, https:\/\/aquarium-priem.de\/wp-content\/uploads\/2019\/11\/0692111_Incpiria230_bef_0418-300x200.jpg 300w, https:\/\/aquarium-priem.de\/wp-content\/uploads\/2019\/11\/0692111_Incpiria230_bef_0418-768x513.jpg 768w\" sizes=\"(max-width: 1024px) 100vw, 1024px\" \/>\n<img src=\"https:\/\/aquarium-priem.de\/wp-content\/uploads\/2019\/11\/0693113_Incpiria330_bef_0418.jpg\" title=\"0693113_Incpiria330_bef_0418\" alt=\"0693113_Incpiria330_bef_0418\" srcset=\"https:\/\/aquarium-priem.de\/wp-content\/uploads\/2019\/11\/0693113_Incpiria330_bef_0418.jpg 7360w, https:\/\/aquarium-priem.de\/wp-content\/uploads\/2019\/11\/0693113_Incpiria330_bef_0418-300x200.jpg 300w, https:\/\/aquarium-priem.de\/wp-content\/uploads\/2019\/11\/0693113_Incpiria330_bef_0418-768x513.jpg 768w, https:\/\/aquarium-priem.de\/wp-content\/uploads\/2019\/11\/0693113_Incpiria330_bef_0418-1024x683.jpg 1024w\" sizes=\"(max-width: 7360px) 100vw, 7360px\" \/>\n<h3>Incpiria\u00a0 330\u00a0 LED<\/h3> <ul> <li>Gr\u00f6\u00dfe : 330 Liter<\/li> <li>Beleuchtung : LED<\/li> <li>Farben : In allen hier abgebildeten Farben erh\u00e4lt<\/li> <li>F\u00fcr alles weitere kontaktieren Sie uns<\/li> <\/ul>\n<h3>Incpiria 430\u00a0 LED<\/h3> <ul> <li>Gr\u00f6\u00dfe : 430 Liter<\/li> <li>Beleuchtung : LED<\/li> <li>Farben : In allen hier abgebildeten Farben erh\u00e4lt<\/li> <li>F\u00fcr alles weitere kontaktieren Sie uns<\/li> <\/ul>\n<img src=\"https:\/\/aquarium-priem.de\/wp-content\/uploads\/2019\/11\/0694118_Incpiria430_bef_0418.jpg\" title=\"0694118_Incpiria430_bef_0418\" alt=\"0694118_Incpiria430_bef_0418\" srcset=\"https:\/\/aquarium-priem.de\/wp-content\/uploads\/2019\/11\/0694118_Incpiria430_bef_0418.jpg 7360w, https:\/\/aquarium-priem.de\/wp-content\/uploads\/2019\/11\/0694118_Incpiria430_bef_0418-300x200.jpg 300w, https:\/\/aquarium-priem.de\/wp-content\/uploads\/2019\/11\/0694118_Incpiria430_bef_0418-768x513.jpg 768w, https:\/\/aquarium-priem.de\/wp-content\/uploads\/2019\/11\/0694118_Incpiria430_bef_0418-1024x683.jpg 1024w\" sizes=\"(max-width: 7360px) 100vw, 7360px\" \/>\n<img src=\"https:\/\/aquarium-priem.de\/wp-content\/uploads\/2019\/11\/0695119_Incpiria530_bef_0418.jpg\" title=\"0695119_Incpiria530_bef_0418\" alt=\"0695119_Incpiria530_bef_0418\" srcset=\"https:\/\/aquarium-priem.de\/wp-content\/uploads\/2019\/11\/0695119_Incpiria530_bef_0418.jpg 7360w, https:\/\/aquarium-priem.de\/wp-content\/uploads\/2019\/11\/0695119_Incpiria530_bef_0418-300x200.jpg 300w, https:\/\/aquarium-priem.de\/wp-content\/uploads\/2019\/11\/0695119_Incpiria530_bef_0418-768x513.jpg 768w, https:\/\/aquarium-priem.de\/wp-content\/uploads\/2019\/11\/0695119_Incpiria530_bef_0418-1024x683.jpg 1024w\" sizes=\"(max-width: 7360px) 100vw, 7360px\" \/>\n<h3>Incpiria 530\u00a0 LED<\/h3> <ul> <li>Gr\u00f6\u00dfe : 530 Liter<\/li> <li>Beleuchtung : LED<\/li> <li>Farben : In allen hier abgebildeten Farben erh\u00e4lt<\/li> <li>F\u00fcr alles weitere kontaktieren Sie uns<\/li> <\/ul>","_links":{"self":[{"href":"https:\/\/aquarium-priem.de\/index.php\/wp-json\/wp\/v2\/pages\/37"}],"collection":[{"href":"https:\/\/aquarium-priem.de\/index.php\/wp-json\/wp\/v2\/pages"}],"about":[{"href":"https:\/\/aquarium-priem.de\/index.php\/wp-json\/wp\/v2\/types\/page"}],"author":[{"embeddable":true,"href":"https:\/\/aquarium-priem.de\/index.php\/wp-json\/wp\/v2\/users\/2"}],"replies":[{"embeddable":true,"href":"https:\/\/aquarium-priem.de\/index.php\/wp-json\/wp\/v2\/comments?post=37"}],"version-history":[{"count":38,"href":"https:\/\/aquarium-priem.de\/index.php\/wp-json\/wp\/v2\/pages\/37\/revisions"}],"predecessor-version":[{"id":704,"href":"https:\/\/aquarium-priem.de\/index.php\/wp-json\/wp\/v2\/pages\/37\/revisions\/704"}],"wp:attachment":[{"href":"https:\/\/aquarium-priem.de\/index.php\/wp-json\/wp\/v2\/media?parent=37"}],"curies":[{"name":"wp","href":"https:\/\/api.w.org\/{rel}","templated":true}]}}