{"id":46,"date":"2019-11-11T12:44:01","date_gmt":"2019-11-11T11:44:01","guid":{"rendered":"http:\/\/www.prebuild.aquarium-priem.de\/?page_id=46"},"modified":"2022-10-28T14:29:31","modified_gmt":"2022-10-28T12:29:31","slug":"service","status":"publish","type":"page","link":"https:\/\/aquarium-priem.de\/index.php\/service\/","title":{"rendered":"Service"},"content":{"rendered":"<!--themify_builder_content-->\n<div id=\"themify_builder_content-46\" data-postid=\"46\" class=\"themify_builder_content themify_builder_content-46 themify_builder tf_clear\">\n    \t\t\t<!-- module_row -->\n\t<div  data-css_id=\"zfl3999\" data-lazy=\"1\" class=\"module_row themify_builder_row fullwidth_row_container tb_zfl3999 tb_first tf_w tf_clearfix wow\" data-tf-animation=\"fadeIn\">\n\t    \t\t\t<div class=\"row_inner col_align_top tb_col_count_1 tf_box tf_rel\">\n\t\t            <div  data-lazy=\"1\" class=\"module_column tb-column col-full tb_dmjn1 first\">\n                                                        <div class=\"tb-column-inner tf_box tf_w\">\n                        <!-- module text -->\n<div  class=\"module module-text tb_9icx1  repeat  wow\" data-tf-animation=\"fadeInUp\" data-lazy=\"1\">\n        <div  class=\"tb_text_wrap\">\n    <h1>SERVICE<\/h1>    <\/div>\n<\/div>\n<!-- \/module text --><!-- module text -->\n<div  class=\"module module-text tb_1yxw1  repeat \" data-lazy=\"1\">\n        <div  class=\"tb_text_wrap\">\n    <h5>Wir sind f\u00fcr Sie da!<\/h5>    <\/div>\n<\/div>\n<!-- \/module text -->                    <\/div>\n                            <\/div>\n            \t    <\/div>\n\t    <!-- \/row_inner -->\n\t<\/div>\n\t<!-- \/module_row -->\n\t\t\t\t<!-- module_row -->\n\t<div  data-lazy=\"1\" class=\"module_row themify_builder_row tb_daue999 tf_w tf_clearfix\">\n\t    \t\t\t<div class=\"row_inner col_align_top tb_col_count_1 tf_box tf_rel\">\n\t\t            <div  data-lazy=\"1\" class=\"module_column tb-column col-full tb_scgi2 first\">\n                                                        <div class=\"tb-column-inner tf_box tf_w\">\n                        <!-- module text -->\n<div  class=\"module module-text tb_fkjs2  repeat \" data-lazy=\"1\">\n        <div  class=\"tb_text_wrap\">\n    <p style=\"text-align: center;\"><strong>Was ist unser Service?<\/strong><\/p>\n<p style=\"text-align: center;\">Jeder spricht von Service, aber was verstehen wir und noch viel wichtiger Sie darunter?<\/p>\n<p style=\"text-align: center;\">F\u00fcr Sie beginnt unser Service dort wo Sie uns mitteilen, was f\u00fcr sie als Kunden wichtig ist.<\/p>\n<p style=\"text-align: center;\">F\u00fcr uns beginnt er dort, wo wir mitgeteilt bekommen, was f\u00fcr unsere Kunden wichtig ist.<\/p>\n<p style=\"text-align: center;\">Nat\u00fcrlich bezogen auf alles rund um die Aquaristik!<\/p>\n<p style=\"text-align: center;\">Ein paar Stichpunkte die unter unseren Service fallen, ohne Anspruch auf Vollst\u00e4ndigkeit:<\/p>\n<p style=\"text-align: center;\"><strong>Welches Aquarium?<\/strong><\/p>\n<p style=\"text-align: center;\">Standard oder individuell bis zur Erstellung des kompletten M\u00f6bels durch unsere erprobte Partner Tischlerei<\/p>\n<p style=\"text-align: center;\"><strong>Welche Fische?<\/strong><\/p>\n<p style=\"text-align: center;\">Wir geben nach Ihren Erfahrungen und W\u00fcnschen Empfehlungen ab.<\/p>\n<p style=\"text-align: center;\"><strong>Welches Futter?<\/strong><\/p>\n<p style=\"text-align: center;\">Wie es unter Menschen auch unterschiedliche Ern\u00e4hrungsgewohnheiten gibt ist es Diese auch bei Tieren.Wir haben etwas f\u00fcr jeden Geschmack.<\/p>\n<p style=\"text-align: center;\"><strong>Welche Inneneinrichtung?<\/strong><\/p>\n<p style=\"text-align: center;\">Wir geben und zeigen verschiedene M\u00f6glichkeiten auf. Kommen Sie in unser Ladengesch\u00e4ft!<\/p>\n<p style=\"text-align: center;\"><strong>Wie gestalte ich am besten meinen Gartenteich?<\/strong><\/p>\n<p style=\"text-align: center;\">Termine bei Ihnen vor Ort sind im Rahmen der Projektumsetzung m\u00f6glich.<\/p>\n<p style=\"text-align: center;\"><strong>Wer k\u00fcmmert sich um mein Aquarium, wenn ich keine Zeit habe?<\/strong><\/p>\n<p style=\"text-align: center;\">Wir \u00fcbernehmen die Pflege f\u00fcr Sie.<\/p>\n<p style=\"text-align: center;\"><strong>Sie m\u00f6chten ein Aquarium haben, trauen Sich die Pflege aus diversen Gr\u00fcnden nicht zu.\u00a0<\/strong><\/p>\n<p style=\"text-align: center;\">Aquarium Priem hilft Ihnen gerne weiter!<\/p>    <\/div>\n<\/div>\n<!-- \/module text -->                    <\/div>\n                            <\/div>\n            \t    <\/div>\n\t    <!-- \/row_inner -->\n\t<\/div>\n\t<!-- \/module_row -->\n\t<\/div>\n<!--\/themify_builder_content-->","protected":false},"excerpt":{"rendered":"<p>SERVICE Wir sind f\u00fcr Sie da! Was ist unser Service? Jeder spricht von Service, aber was verstehen wir und noch viel wichtiger Sie darunter? F\u00fcr Sie beginnt unser Service dort wo Sie uns mitteilen, was f\u00fcr sie als Kunden wichtig ist. F\u00fcr uns beginnt er dort, wo wir mitgeteilt bekommen, was f\u00fcr unsere Kunden wichtig [&hellip;]<\/p>\n","protected":false},"author":2,"featured_media":0,"parent":0,"menu_order":0,"comment_status":"closed","ping_status":"closed","template":"","meta":[],"builder_content":"<h1>SERVICE<\/h1>\n<h5>Wir sind f\u00fcr Sie da!<\/h5>\n<p style=\"text-align: center;\"><strong>Was ist unser Service?<\/strong><\/p> <p style=\"text-align: center;\">Jeder spricht von Service, aber was verstehen wir und noch viel wichtiger Sie darunter?<\/p> <p style=\"text-align: center;\">F\u00fcr Sie beginnt unser Service dort wo Sie uns mitteilen, was f\u00fcr sie als Kunden wichtig ist.<\/p> <p style=\"text-align: center;\">F\u00fcr uns beginnt er dort, wo wir mitgeteilt bekommen, was f\u00fcr unsere Kunden wichtig ist.<\/p> <p style=\"text-align: center;\">Nat\u00fcrlich bezogen auf alles rund um die Aquaristik!<\/p> <p style=\"text-align: center;\">Ein paar Stichpunkte die unter unseren Service fallen, ohne Anspruch auf Vollst\u00e4ndigkeit:<\/p> <p style=\"text-align: center;\"><strong>Welches Aquarium?<\/strong><\/p> <p style=\"text-align: center;\">Standard oder individuell bis zur Erstellung des kompletten M\u00f6bels durch unsere erprobte Partner Tischlerei<\/p> <p style=\"text-align: center;\"><strong>Welche Fische?<\/strong><\/p> <p style=\"text-align: center;\">Wir geben nach Ihren Erfahrungen und W\u00fcnschen Empfehlungen ab.<\/p> <p style=\"text-align: center;\"><strong>Welches Futter?<\/strong><\/p> <p style=\"text-align: center;\">Wie es unter Menschen auch unterschiedliche Ern\u00e4hrungsgewohnheiten gibt ist es Diese auch bei Tieren.Wir haben etwas f\u00fcr jeden Geschmack.<\/p> <p style=\"text-align: center;\"><strong>Welche Inneneinrichtung?<\/strong><\/p> <p style=\"text-align: center;\">Wir geben und zeigen verschiedene M\u00f6glichkeiten auf. Kommen Sie in unser Ladengesch\u00e4ft!<\/p> <p style=\"text-align: center;\"><strong>Wie gestalte ich am besten meinen Gartenteich?<\/strong><\/p> <p style=\"text-align: center;\">Termine bei Ihnen vor Ort sind im Rahmen der Projektumsetzung m\u00f6glich.<\/p> <p style=\"text-align: center;\"><strong>Wer k\u00fcmmert sich um mein Aquarium, wenn ich keine Zeit habe?<\/strong><\/p> <p style=\"text-align: center;\">Wir \u00fcbernehmen die Pflege f\u00fcr Sie.<\/p> <p style=\"text-align: center;\"><strong>Sie m\u00f6chten ein Aquarium haben, trauen Sich die Pflege aus diversen Gr\u00fcnden nicht zu.\u00a0<\/strong><\/p> <p style=\"text-align: center;\">Aquarium Priem hilft Ihnen gerne weiter!<\/p>","_links":{"self":[{"href":"https:\/\/aquarium-priem.de\/index.php\/wp-json\/wp\/v2\/pages\/46"}],"collection":[{"href":"https:\/\/aquarium-priem.de\/index.php\/wp-json\/wp\/v2\/pages"}],"about":[{"href":"https:\/\/aquarium-priem.de\/index.php\/wp-json\/wp\/v2\/types\/page"}],"author":[{"embeddable":true,"href":"https:\/\/aquarium-priem.de\/index.php\/wp-json\/wp\/v2\/users\/2"}],"replies":[{"embeddable":true,"href":"https:\/\/aquarium-priem.de\/index.php\/wp-json\/wp\/v2\/comments?post=46"}],"version-history":[{"count":27,"href":"https:\/\/aquarium-priem.de\/index.php\/wp-json\/wp\/v2\/pages\/46\/revisions"}],"predecessor-version":[{"id":695,"href":"https:\/\/aquarium-priem.de\/index.php\/wp-json\/wp\/v2\/pages\/46\/revisions\/695"}],"wp:attachment":[{"href":"https:\/\/aquarium-priem.de\/index.php\/wp-json\/wp\/v2\/media?parent=46"}],"curies":[{"name":"wp","href":"https:\/\/api.w.org\/{rel}","templated":true}]}}