{"id":9,"date":"2019-11-11T11:51:25","date_gmt":"2019-11-11T10:51:25","guid":{"rendered":"http:\/\/www.prebuild.aquarium-priem.de\/?page_id=9"},"modified":"2024-05-08T08:54:48","modified_gmt":"2024-05-08T06:54:48","slug":"home","status":"publish","type":"page","link":"https:\/\/aquarium-priem.de\/","title":{"rendered":"Home"},"content":{"rendered":"<p><\/p>\n<!--themify_builder_content-->\n<div id=\"themify_builder_content-9\" data-postid=\"9\" class=\"themify_builder_content themify_builder_content-9 themify_builder tf_clear\">\n    \t\t\t<!-- module_row -->\n\t<div  data-css_id=\"0eug279\" data-lazy=\"1\" class=\"module_row themify_builder_row fullwidth_row_container tb_0eug279 tb_first tf_w tf_clearfix wow\" data-tf-animation=\"fadeIn\">\n\t    \t\t\t<div class=\"row_inner col_align_top tb_col_count_1 tf_box tf_rel\">\n\t\t            <div  data-lazy=\"1\" class=\"module_column tb-column col-full tb_ta1k280 first\">\n                                                        <div class=\"tb-column-inner tf_box tf_w\">\n                        <!-- module text -->\n<div  class=\"module module-text tb_zeps280  repeat  wow\" data-tf-animation=\"fadeInUp\" data-lazy=\"1\">\n        <div  class=\"tb_text_wrap\">\n    <h1>AQUARIUM PRIEM<\/h1>    <\/div>\n<\/div>\n<!-- \/module text --><!-- module text -->\n<div  class=\"module module-text tb_ghfj281  repeat \" data-lazy=\"1\">\n        <div  class=\"tb_text_wrap\">\n    <h3 style=\"text-align: center;\">seit \u00fcber 50 Jahren&#8230;<\/h3>\n<h3 style=\"text-align: center;\">F\u00fcr Aquarium Leistungen<\/h3>    <\/div>\n<\/div>\n<!-- \/module text -->                    <\/div>\n                            <\/div>\n            \t    <\/div>\n\t    <!-- \/row_inner -->\n\t<\/div>\n\t<!-- \/module_row -->\n\t\t\t\t<!-- module_row -->\n\t<div  data-lazy=\"1\" class=\"module_row themify_builder_row tb_czdz279 tf_w tf_clearfix\">\n\t    \t\t\t<div class=\"row_inner col_align_top tb_col_count_1 tf_box tf_rel\">\n\t\t            <div  data-lazy=\"1\" class=\"module_column tb-column col-full tb_vkgf282 first\">\n                                                        <div class=\"tb-column-inner tf_box tf_w\">\n                        <!-- module text -->\n<div  class=\"module module-text tb_lhya282  repeat  wow\" data-tf-animation=\"fadeInUp\" data-lazy=\"1\">\n        <div  class=\"tb_text_wrap\">\n    <h2>Unsere Geschichte<\/h2>    <\/div>\n<\/div>\n<!-- \/module text --><!-- module text -->\n<div  class=\"module module-text tb_lp1w282  repeat \" data-lazy=\"1\">\n        <div  class=\"tb_text_wrap\">\n    <p style=\"text-align: center;\">Aus seinem urspr\u00fcnglichen Hobby Aquaristik,hat Norbert Priem 1973 in der Brinkstr. 8 in Dissen einen gewerblichen Aquaristikbetrieb entwickelt. Nach erfolgreichen Jahren wurde 1996 dieser durch noch funktionalere Verkaufsr\u00e4ume mit angrenzendem Zuchtraum erweitert.<\/p>\n<p style=\"text-align: center;\">Nach dem \u00fcberraschenden Tod des Gr\u00fcnders, wurde das Gesch\u00e4ft von seinem Sohn Andreas Priem im Jahre 1998 \u00fcbernommen und seither erfolgreich weitergef\u00fchrt. Aufgrund der stetig wachsenden Anforderrungen an die moderne Aquaristik und der damit erweiterten Angebotspalette, reichten die urspr\u00fcnglichen Betriebsr\u00e4ume nicht mehr aus. Im Sommer 2017 war es soweit, der Umzug von Dissen\u00a0 an den neuen Standort in Versmold\u00a0 an der\u00a0 Borgholzhauser Str. 2 wurde durchgef\u00fchrt.<\/p>\n<p style=\"text-align: center;\">Das von unseren Kunden langj\u00e4hrig gesch\u00e4tzte Angebot wurde nochmals erweitert. In den gro\u00dfz\u00fcgigen neuen R\u00e4umlichkeiten wird Ihnen wie bisher kompetente Beratung aus jahrelanger Erfahrung und ein breites Sortiment an Zierfischen, Wasserpflanzen und Zubeh\u00f6r geboten. Das Zubeh\u00f6rsortiment umfasst die Firmen Sera, Eheim, Aqua-Medic, Hobby und andere namenhafte Firmen. Sollten Sie einen Hersteller vermissen, weil Sie genau diesen suchen? Kein Problem fragen Sie uns!<\/p>\n<p style=\"text-align: center;\">Kundenservice ist wie der Bereich der Dienstleistung bei uns selbstverst\u00e4ndlich!<\/p>\n<p style=\"text-align: center;\">Wir bieten Ihnen eine Vielzahl an Angeboten rund um die Aquaristik in Ihrem Zuhause , Unternehmen oder auch Garten an.<\/p>\n<p style=\"text-align: center;\">Sie haben spezielle W\u00fcnsche die durch Standartl\u00f6sungen nicht umsetzbar erscheinen?<\/p>\n<p style=\"text-align: center;\">Individuall\u00f6sungen geh\u00f6ren zu unserem t\u00e4glichem Gesch\u00e4ft!<\/p>    <\/div>\n<\/div>\n<!-- \/module text -->                    <\/div>\n                            <\/div>\n            \t    <\/div>\n\t    <!-- \/row_inner -->\n\t<\/div>\n\t<!-- \/module_row -->\n\t<\/div>\n<!--\/themify_builder_content-->","protected":false},"excerpt":{"rendered":"","protected":false},"author":2,"featured_media":0,"parent":0,"menu_order":0,"comment_status":"closed","ping_status":"closed","template":"","meta":[],"builder_content":"<h1>AQUARIUM PRIEM<\/h1>\n<h3 style=\"text-align: center;\">seit \u00fcber 50 Jahren...<\/h3> <h3 style=\"text-align: center;\">F\u00fcr Aquarium Leistungen<\/h3>\n<h2>Unsere Geschichte<\/h2>\n<p style=\"text-align: center;\">Aus seinem urspr\u00fcnglichen Hobby Aquaristik,hat Norbert Priem 1973 in der Brinkstr. 8 in Dissen einen gewerblichen Aquaristikbetrieb entwickelt. Nach erfolgreichen Jahren wurde 1996 dieser durch noch funktionalere Verkaufsr\u00e4ume mit angrenzendem Zuchtraum erweitert.<\/p> <p style=\"text-align: center;\">Nach dem \u00fcberraschenden Tod des Gr\u00fcnders, wurde das Gesch\u00e4ft von seinem Sohn Andreas Priem im Jahre 1998 \u00fcbernommen und seither erfolgreich weitergef\u00fchrt. Aufgrund der stetig wachsenden Anforderrungen an die moderne Aquaristik und der damit erweiterten Angebotspalette, reichten die urspr\u00fcnglichen Betriebsr\u00e4ume nicht mehr aus. Im Sommer 2017 war es soweit, der Umzug von Dissen\u00a0 an den neuen Standort in Versmold\u00a0 an der\u00a0 Borgholzhauser Str. 2 wurde durchgef\u00fchrt.<\/p> <p style=\"text-align: center;\">Das von unseren Kunden langj\u00e4hrig gesch\u00e4tzte Angebot wurde nochmals erweitert. In den gro\u00dfz\u00fcgigen neuen R\u00e4umlichkeiten wird Ihnen wie bisher kompetente Beratung aus jahrelanger Erfahrung und ein breites Sortiment an Zierfischen, Wasserpflanzen und Zubeh\u00f6r geboten. Das Zubeh\u00f6rsortiment umfasst die Firmen Sera, Eheim, Aqua-Medic, Hobby und andere namenhafte Firmen. Sollten Sie einen Hersteller vermissen, weil Sie genau diesen suchen? Kein Problem fragen Sie uns!<\/p> <p style=\"text-align: center;\">Kundenservice ist wie der Bereich der Dienstleistung bei uns selbstverst\u00e4ndlich!<\/p> <p style=\"text-align: center;\">Wir bieten Ihnen eine Vielzahl an Angeboten rund um die Aquaristik in Ihrem Zuhause , Unternehmen oder auch Garten an.<\/p> <p style=\"text-align: center;\">Sie haben spezielle W\u00fcnsche die durch Standartl\u00f6sungen nicht umsetzbar erscheinen?<\/p> <p style=\"text-align: center;\">Individuall\u00f6sungen geh\u00f6ren zu unserem t\u00e4glichem Gesch\u00e4ft!<\/p>","_links":{"self":[{"href":"https:\/\/aquarium-priem.de\/index.php\/wp-json\/wp\/v2\/pages\/9"}],"collection":[{"href":"https:\/\/aquarium-priem.de\/index.php\/wp-json\/wp\/v2\/pages"}],"about":[{"href":"https:\/\/aquarium-priem.de\/index.php\/wp-json\/wp\/v2\/types\/page"}],"author":[{"embeddable":true,"href":"https:\/\/aquarium-priem.de\/index.php\/wp-json\/wp\/v2\/users\/2"}],"replies":[{"embeddable":true,"href":"https:\/\/aquarium-priem.de\/index.php\/wp-json\/wp\/v2\/comments?post=9"}],"version-history":[{"count":77,"href":"https:\/\/aquarium-priem.de\/index.php\/wp-json\/wp\/v2\/pages\/9\/revisions"}],"predecessor-version":[{"id":725,"href":"https:\/\/aquarium-priem.de\/index.php\/wp-json\/wp\/v2\/pages\/9\/revisions\/725"}],"wp:attachment":[{"href":"https:\/\/aquarium-priem.de\/index.php\/wp-json\/wp\/v2\/media?parent=9"}],"curies":[{"name":"wp","href":"https:\/\/api.w.org\/{rel}","templated":true}]}}